{"id":1712,"date":"2025-04-07T08:43:22","date_gmt":"2025-04-07T06:43:22","guid":{"rendered":"https:\/\/www.whatabreath.com\/?page_id=1712"},"modified":"2025-04-09T17:50:33","modified_gmt":"2025-04-09T15:50:33","slug":"thankyou_cf","status":"publish","type":"page","link":"https:\/\/www.whatabreath.com\/en\/thankyou_cf\/","title":{"rendered":"ThankYou_CF"},"content":{"rendered":"<div data-elementor-type=\"wp-page\" data-elementor-id=\"1712\" class=\"elementor elementor-1712\" data-elementor-post-type=\"page\">\n\t\t\t\t\t\t<section class=\"elementor-section elementor-top-section elementor-element elementor-element-0dd3b2e elementor-section-boxed elementor-section-height-default elementor-section-height-default\" data-id=\"0dd3b2e\" data-element_type=\"section\" data-settings=\"{&quot;background_background&quot;:&quot;classic&quot;}\">\n\t\t\t\t\t\t<div class=\"elementor-container elementor-column-gap-default\">\n\t\t\t\t\t<div class=\"elementor-column elementor-col-100 elementor-top-column elementor-element elementor-element-80bab98\" data-id=\"80bab98\" data-element_type=\"column\">\n\t\t\t<div class=\"elementor-widget-wrap elementor-element-populated\">\n\t\t\t\t\t\t<div class=\"elementor-element elementor-element-b0a01c7 elementor-widget elementor-widget-heading\" data-id=\"b0a01c7\" data-element_type=\"widget\" data-widget_type=\"heading.default\">\n\t\t\t\t<div class=\"elementor-widget-container\">\n\t\t\t<h3 class=\"elementor-heading-title elementor-size-default\">Ol\u00e8, l'invio \u00e8 andato a buon fine.<\/h3>\t\t<\/div>\n\t\t\t\t<\/div>\n\t\t\t\t<div class=\"elementor-element elementor-element-82fead6 elementor-widget elementor-widget-text-editor\" data-id=\"82fead6\" data-element_type=\"widget\" data-widget_type=\"text-editor.default\">\n\t\t\t\t<div class=\"elementor-widget-container\">\n\t\t\t\t\t\t\t<p>&nbsp;Tra 5 minuti ti arriver\u00e0 una mail con tutte le informazioni che ti serve sapere.<br>Se non la vedi, butta un occhio nello spam:)<br><\/p>\t\t\t\t\t\t<\/div>\n\t\t\t\t<\/div>\n\t\t\t\t<div class=\"elementor-element elementor-element-80b77c8 elementor-widget elementor-widget-spacer\" data-id=\"80b77c8\" data-element_type=\"widget\" data-widget_type=\"spacer.default\">\n\t\t\t\t<div class=\"elementor-widget-container\">\n\t\t\t\t\t<div class=\"elementor-spacer\">\n\t\t\t<div class=\"elementor-spacer-inner\"><\/div>\n\t\t<\/div>\n\t\t\t\t<\/div>\n\t\t\t\t<\/div>\n\t\t\t\t<div class=\"elementor-element elementor-element-40e3110 elementor-widget elementor-widget-image\" data-id=\"40e3110\" data-element_type=\"widget\" data-widget_type=\"image.default\">\n\t\t\t\t<div class=\"elementor-widget-container\">\n\t\t\t\t\t\t\t\t\t\t\t\t\t<img decoding=\"async\" width=\"800\" height=\"800\" src=\"https:\/\/www.whatabreath.com\/wp-content\/uploads\/2024\/11\/Still-2024-11-14-144421_1.1.1-1024x1024.jpg\" class=\"attachment-large size-large wp-image-1124\" alt=\"\" srcset=\"https:\/\/www.whatabreath.com\/wp-content\/uploads\/2024\/11\/Still-2024-11-14-144421_1.1.1-1024x1024.jpg 1024w, https:\/\/www.whatabreath.com\/wp-content\/uploads\/2024\/11\/Still-2024-11-14-144421_1.1.1-300x300.jpg 300w, https:\/\/www.whatabreath.com\/wp-content\/uploads\/2024\/11\/Still-2024-11-14-144421_1.1.1-150x150.jpg 150w, https:\/\/www.whatabreath.com\/wp-content\/uploads\/2024\/11\/Still-2024-11-14-144421_1.1.1-768x768.jpg 768w, https:\/\/www.whatabreath.com\/wp-content\/uploads\/2024\/11\/Still-2024-11-14-144421_1.1.1-12x12.jpg 12w, https:\/\/www.whatabreath.com\/wp-content\/uploads\/2024\/11\/Still-2024-11-14-144421_1.1.1.jpg 1080w\" sizes=\"(max-width: 800px) 100vw, 800px\" \/>\t\t\t\t\t\t\t\t\t\t\t\t\t<\/div>\n\t\t\t\t<\/div>\n\t\t\t\t\t<\/div>\n\t\t<\/div>\n\t\t\t\t\t<\/div>\n\t\t<\/section>\n\t\t\t\t<\/div>","protected":false},"excerpt":{"rendered":"<p>Ol\u00e8, l&#8217;invio \u00e8 andato a buon fine. &nbsp;Tra 5 minuti ti arriver\u00e0 una mail con tutte le informazioni che ti serve sapere.Se non la vedi, butta un occhio nello spam:)<\/p>","protected":false},"author":2,"featured_media":0,"parent":0,"menu_order":0,"comment_status":"closed","ping_status":"closed","template":"elementor_canvas","meta":{"footnotes":""},"class_list":["post-1712","page","type-page","status-publish","hentry"],"yoast_head":"<!-- This site is optimized with the Yoast SEO plugin v26.2 - https:\/\/yoast.com\/wordpress\/plugins\/seo\/ -->\n<title>What A Breath | ThankYou_CF<\/title>\n<meta name=\"robots\" content=\"index, follow, max-snippet:-1, max-image-preview:large, max-video-preview:-1\" \/>\n<link rel=\"canonical\" href=\"https:\/\/www.whatabreath.com\/en\/thankyou_cf\/\" \/>\n<meta property=\"og:locale\" content=\"en_GB\" \/>\n<meta property=\"og:type\" content=\"article\" \/>\n<meta property=\"og:title\" content=\"What A Breath | ThankYou_CF\" \/>\n<meta property=\"og:description\" content=\"Ol\u00e8, l&#8217;invio \u00e8 andato a buon fine. &nbsp;Tra 5 minuti ti arriver\u00e0 una mail con tutte le informazioni che ti serve sapere.Se non la vedi, butta un occhio nello spam:)\" \/>\n<meta property=\"og:url\" content=\"https:\/\/www.whatabreath.com\/en\/thankyou_cf\/\" \/>\n<meta property=\"og:site_name\" content=\"What A Breath\" \/>\n<meta property=\"article:modified_time\" content=\"2025-04-09T15:50:33+00:00\" \/>\n<meta property=\"og:image\" content=\"https:\/\/www.whatabreath.com\/wp-content\/uploads\/2024\/11\/Still-2024-11-14-144421_1.1.1.jpg\" \/>\n\t<meta property=\"og:image:width\" content=\"1080\" \/>\n\t<meta property=\"og:image:height\" content=\"1080\" \/>\n\t<meta property=\"og:image:type\" content=\"image\/jpeg\" \/>\n<meta name=\"twitter:card\" content=\"summary_large_image\" \/>\n<script type=\"application\/ld+json\" class=\"yoast-schema-graph\">{\"@context\":\"https:\/\/schema.org\",\"@graph\":[{\"@type\":\"WebPage\",\"@id\":\"https:\/\/www.whatabreath.com\/thankyou_cf\/\",\"url\":\"https:\/\/www.whatabreath.com\/thankyou_cf\/\",\"name\":\"What A Breath | ThankYou_CF\",\"isPartOf\":{\"@id\":\"https:\/\/www.whatabreath.com\/#website\"},\"primaryImageOfPage\":{\"@id\":\"https:\/\/www.whatabreath.com\/thankyou_cf\/#primaryimage\"},\"image\":{\"@id\":\"https:\/\/www.whatabreath.com\/thankyou_cf\/#primaryimage\"},\"thumbnailUrl\":\"https:\/\/www.whatabreath.com\/wp-content\/uploads\/2024\/11\/Still-2024-11-14-144421_1.1.1-1024x1024.jpg\",\"datePublished\":\"2025-04-07T06:43:22+00:00\",\"dateModified\":\"2025-04-09T15:50:33+00:00\",\"breadcrumb\":{\"@id\":\"https:\/\/www.whatabreath.com\/thankyou_cf\/#breadcrumb\"},\"inLanguage\":\"en-GB\",\"potentialAction\":[{\"@type\":\"ReadAction\",\"target\":[\"https:\/\/www.whatabreath.com\/thankyou_cf\/\"]}]},{\"@type\":\"ImageObject\",\"inLanguage\":\"en-GB\",\"@id\":\"https:\/\/www.whatabreath.com\/thankyou_cf\/#primaryimage\",\"url\":\"https:\/\/www.whatabreath.com\/wp-content\/uploads\/2024\/11\/Still-2024-11-14-144421_1.1.1-1024x1024.jpg\",\"contentUrl\":\"https:\/\/www.whatabreath.com\/wp-content\/uploads\/2024\/11\/Still-2024-11-14-144421_1.1.1-1024x1024.jpg\"},{\"@type\":\"BreadcrumbList\",\"@id\":\"https:\/\/www.whatabreath.com\/thankyou_cf\/#breadcrumb\",\"itemListElement\":[{\"@type\":\"ListItem\",\"position\":1,\"name\":\"Home\",\"item\":\"https:\/\/www.whatabreath.com\/\"},{\"@type\":\"ListItem\",\"position\":2,\"name\":\"ThankYou_CF\"}]},{\"@type\":\"WebSite\",\"@id\":\"https:\/\/www.whatabreath.com\/#website\",\"url\":\"https:\/\/www.whatabreath.com\/\",\"name\":\"What A Breath\",\"description\":\"Go deep, flow wow\",\"publisher\":{\"@id\":\"https:\/\/www.whatabreath.com\/#organization\"},\"potentialAction\":[{\"@type\":\"SearchAction\",\"target\":{\"@type\":\"EntryPoint\",\"urlTemplate\":\"https:\/\/www.whatabreath.com\/?s={search_term_string}\"},\"query-input\":{\"@type\":\"PropertyValueSpecification\",\"valueRequired\":true,\"valueName\":\"search_term_string\"}}],\"inLanguage\":\"en-GB\"},{\"@type\":\"Organization\",\"@id\":\"https:\/\/www.whatabreath.com\/#organization\",\"name\":\"What a Breath\",\"alternateName\":\"WaB\",\"url\":\"https:\/\/www.whatabreath.com\/\",\"logo\":{\"@type\":\"ImageObject\",\"inLanguage\":\"en-GB\",\"@id\":\"https:\/\/www.whatabreath.com\/#\/schema\/logo\/image\/\",\"url\":\"https:\/\/www.whatabreath.com\/wp-content\/uploads\/2024\/06\/logo_wab.jpg\",\"contentUrl\":\"https:\/\/www.whatabreath.com\/wp-content\/uploads\/2024\/06\/logo_wab.jpg\",\"width\":2156,\"height\":2196,\"caption\":\"What a Breath\"},\"image\":{\"@id\":\"https:\/\/www.whatabreath.com\/#\/schema\/logo\/image\/\"}}]}<\/script>\n<!-- \/ Yoast SEO plugin. -->","yoast_head_json":{"title":"What A Breath | ThankYou_CF","robots":{"index":"index","follow":"follow","max-snippet":"max-snippet:-1","max-image-preview":"max-image-preview:large","max-video-preview":"max-video-preview:-1"},"canonical":"https:\/\/www.whatabreath.com\/en\/thankyou_cf\/","og_locale":"en_GB","og_type":"article","og_title":"What A Breath | ThankYou_CF","og_description":"Ol\u00e8, l&#8217;invio \u00e8 andato a buon fine. &nbsp;Tra 5 minuti ti arriver\u00e0 una mail con tutte le informazioni che ti serve sapere.Se non la vedi, butta un occhio nello spam:)","og_url":"https:\/\/www.whatabreath.com\/en\/thankyou_cf\/","og_site_name":"What A Breath","article_modified_time":"2025-04-09T15:50:33+00:00","og_image":[{"width":1080,"height":1080,"url":"https:\/\/www.whatabreath.com\/wp-content\/uploads\/2024\/11\/Still-2024-11-14-144421_1.1.1.jpg","type":"image\/jpeg"}],"twitter_card":"summary_large_image","schema":{"@context":"https:\/\/schema.org","@graph":[{"@type":"WebPage","@id":"https:\/\/www.whatabreath.com\/thankyou_cf\/","url":"https:\/\/www.whatabreath.com\/thankyou_cf\/","name":"What A Breath | ThankYou_CF","isPartOf":{"@id":"https:\/\/www.whatabreath.com\/#website"},"primaryImageOfPage":{"@id":"https:\/\/www.whatabreath.com\/thankyou_cf\/#primaryimage"},"image":{"@id":"https:\/\/www.whatabreath.com\/thankyou_cf\/#primaryimage"},"thumbnailUrl":"https:\/\/www.whatabreath.com\/wp-content\/uploads\/2024\/11\/Still-2024-11-14-144421_1.1.1-1024x1024.jpg","datePublished":"2025-04-07T06:43:22+00:00","dateModified":"2025-04-09T15:50:33+00:00","breadcrumb":{"@id":"https:\/\/www.whatabreath.com\/thankyou_cf\/#breadcrumb"},"inLanguage":"en-GB","potentialAction":[{"@type":"ReadAction","target":["https:\/\/www.whatabreath.com\/thankyou_cf\/"]}]},{"@type":"ImageObject","inLanguage":"en-GB","@id":"https:\/\/www.whatabreath.com\/thankyou_cf\/#primaryimage","url":"https:\/\/www.whatabreath.com\/wp-content\/uploads\/2024\/11\/Still-2024-11-14-144421_1.1.1-1024x1024.jpg","contentUrl":"https:\/\/www.whatabreath.com\/wp-content\/uploads\/2024\/11\/Still-2024-11-14-144421_1.1.1-1024x1024.jpg"},{"@type":"BreadcrumbList","@id":"https:\/\/www.whatabreath.com\/thankyou_cf\/#breadcrumb","itemListElement":[{"@type":"ListItem","position":1,"name":"Home","item":"https:\/\/www.whatabreath.com\/"},{"@type":"ListItem","position":2,"name":"ThankYou_CF"}]},{"@type":"WebSite","@id":"https:\/\/www.whatabreath.com\/#website","url":"https:\/\/www.whatabreath.com\/","name":"What A Breath","description":"Go deep, flow wow","publisher":{"@id":"https:\/\/www.whatabreath.com\/#organization"},"potentialAction":[{"@type":"SearchAction","target":{"@type":"EntryPoint","urlTemplate":"https:\/\/www.whatabreath.com\/?s={search_term_string}"},"query-input":{"@type":"PropertyValueSpecification","valueRequired":true,"valueName":"search_term_string"}}],"inLanguage":"en-GB"},{"@type":"Organization","@id":"https:\/\/www.whatabreath.com\/#organization","name":"What a Breath","alternateName":"WaB","url":"https:\/\/www.whatabreath.com\/","logo":{"@type":"ImageObject","inLanguage":"en-GB","@id":"https:\/\/www.whatabreath.com\/#\/schema\/logo\/image\/","url":"https:\/\/www.whatabreath.com\/wp-content\/uploads\/2024\/06\/logo_wab.jpg","contentUrl":"https:\/\/www.whatabreath.com\/wp-content\/uploads\/2024\/06\/logo_wab.jpg","width":2156,"height":2196,"caption":"What a Breath"},"image":{"@id":"https:\/\/www.whatabreath.com\/#\/schema\/logo\/image\/"}}]}},"_links":{"self":[{"href":"https:\/\/www.whatabreath.com\/en\/wp-json\/wp\/v2\/pages\/1712","targetHints":{"allow":["GET"]}}],"collection":[{"href":"https:\/\/www.whatabreath.com\/en\/wp-json\/wp\/v2\/pages"}],"about":[{"href":"https:\/\/www.whatabreath.com\/en\/wp-json\/wp\/v2\/types\/page"}],"author":[{"embeddable":true,"href":"https:\/\/www.whatabreath.com\/en\/wp-json\/wp\/v2\/users\/2"}],"replies":[{"embeddable":true,"href":"https:\/\/www.whatabreath.com\/en\/wp-json\/wp\/v2\/comments?post=1712"}],"version-history":[{"count":7,"href":"https:\/\/www.whatabreath.com\/en\/wp-json\/wp\/v2\/pages\/1712\/revisions"}],"predecessor-version":[{"id":1731,"href":"https:\/\/www.whatabreath.com\/en\/wp-json\/wp\/v2\/pages\/1712\/revisions\/1731"}],"wp:attachment":[{"href":"https:\/\/www.whatabreath.com\/en\/wp-json\/wp\/v2\/media?parent=1712"}],"curies":[{"name":"wp","href":"https:\/\/api.w.org\/{rel}","templated":true}]}}